{"id":168,"date":"2019-05-03T16:22:39","date_gmt":"2019-05-03T14:22:39","guid":{"rendered":"https:\/\/www.natucer.es\/magazine\/?page_id=168"},"modified":"2020-12-01T16:38:33","modified_gmt":"2020-12-01T15:38:33","slug":"politica-privacidad","status":"publish","type":"page","link":"https:\/\/www.natucer.es\/magazine\/es\/politica-privacidad\/","title":{"rendered":"POL\u00cdTICA PRIVACIDAD"},"content":{"rendered":"\n<h2 class=\"has-text-align-center wp-block-heading\">POL\u00cdTICA DE PRIVACIDAD<\/h2>\n\n\n\n<p>De conformidad con el Reglamento (UE) 2016\/679 del Parlamento Europeo y del Consejo de 27 de abril de 2016 (\u201cRGPD\u201d) y su normativa de desarrollo, NATUCER, S.L. informa a todos los usuarios de la Web www.natucer.es (la &#8220;Web&#8221;) acerca del tratamiento de sus datos personales, los facilitados durante el acceso y uso de la Web y en su relaci\u00f3n cotidiana con NATUCER, S.L. <\/p>\n\n\n\n<p><strong>Datos identificativos<\/strong> <\/p>\n\n\n\n<p>Nombre: NATUCER, S.L.<br>Direcci\u00f3n: Les Forques, n\u00ba 2.<br>Poblaci\u00f3n: Onda<br>Provincia: Castell\u00f3n.<br>Tel\u00e9fono: 964604066<br>Email: <a href=\"mailto:natucer@natucer.es\">natucer@natucer.es<\/a>.<br>URL: <a href=\"https:\/\/www.natucer.es\/\">www.natucer.es <\/a><\/p>\n\n\n\n<p><strong>\u00bfCon car\u00e1cter general con que finalidad trataremos sus datos personales?<\/strong> <\/p>\n\n\n\n<p>\u2022 Atender la solicitud de informaci\u00f3n requerida a trav\u00e9s del apartado destinado al contacto de la Web. <br>\u2022 Remitir informaci\u00f3n, tambi\u00e9n por medios electr\u00f3nicos, a prop\u00f3sito de NATUCER, S.L., sobre nuestras actividades, ofertas promociones y otra informaci\u00f3n que entendamos de su inter\u00e9s.  <br>\u2022 Posibilitar la gesti\u00f3n de la relaci\u00f3n negocial con clientes y\/o proveedores. <\/p>\n\n\n\n<p><strong>\u00bfCu\u00e1l es la legitimaci\u00f3n para el tratamiento de sus datos?<\/strong> <\/p>\n\n\n\n<p>\u2022 Para atender la solicitud de informaci\u00f3n requerida a trav\u00e9s del correo <strong><a href=\"mailto:natucer@natucer.es\">natucer@natucer.es<\/a><\/strong>. El consentimiento manifestado a partir del requerimiento enviado. <br>\u2022 Para la remisi\u00f3n de informaci\u00f3n a prop\u00f3sito de NATUCER, S.L. y los distintos establecimientos de la cadena Su consentimiento \/ art. 21.1 LSSI, en caso de comunicaciones electr\u00f3nicas. <br>\u2022 Gesti\u00f3n y pertenencia a nuestro sistema de gesti\u00f3n, Art 21.2 LSSI para env\u00edo de comunicaciones. <br>\u2022 Posibilitar la gesti\u00f3n de la relaci\u00f3n negocial con clientes y\/o proveedores, la ejecuci\u00f3n del contrato. <\/p>\n\n\n\n<p><strong>\u00bfPor cu\u00e1nto tiempo conservaremos sus datos?<\/strong> <\/p>\n\n\n\n<p>Por lo general, los datos proporcionados se conservar\u00e1n, durante el tiempo que resulten necesarios, para cada una de las finalidades a las que se destinen los datos. En todo caso durante los plazos legalmente establecidos para ello, en el caso de informaci\u00f3n relativa a la prestaci\u00f3n de servicios. Durante el plazo necesario para dar respuesta y llevar a cabo el correspondiente seguimiento interno de la sugerencia o observaci\u00f3n comunicada. Respecto a la remisi\u00f3n de comunicaciones comerciales v\u00eda electr\u00f3nica, indefinidamente, hasta que no nos manifieste lo contrario.  <\/p>\n\n\n\n<p><strong>\u00bfA qu\u00e9 destinatarios se comunicar\u00e1n sus datos?<\/strong> <\/p>\n\n\n\n<p>Con car\u00e1cter general, no est\u00e1 prevista la comunicaci\u00f3n de sus datos a terceros. Las \u00fanicas comunicaciones que, al margen de las legalmente establecidas, pueden llevarse a cabo, ser\u00edan entre NATUCER, S.L. Al margen de lo referido anteriormente, podr\u00edan tener acceso a sus datos, terceros, Encargados del Tratamiento. <\/p>\n\n\n\n<p><strong>\u00bfCu\u00e1les son sus derechos cuando nos facilita sus datos?<\/strong> <\/p>\n\n\n\n<p>En tanto en cuanto NATUCER, S.L. trate sus datos personales, usted tiene\nderecho a solicitar:<\/p>\n\n\n\n<p>Acceso.- El interesado tendr\u00e1 derecho a obtener del responsable del tratamiento confirmaci\u00f3n de si se est\u00e1n tratando o no los datos que le conciernan, as\u00ed como informaci\u00f3n detallada acerca de determinados aspectos del tratamiento que se est\u00e9 llevando a cabo. <\/p>\n\n\n\n<p>\u2022 Rectificaci\u00f3n.- La persona interesada tendr\u00e1 derecho a obtener la rectificaci\u00f3n de los datos personales inexactos que le conciernan o que se completen aquellos que fueran incompletos. <br>\u2022 Supresi\u00f3n.- La persona interesada tendr\u00e1 derecho a solicitar la supresi\u00f3n de sus datos personales, en todo caso al supresi\u00f3n estar\u00e1 sujeta a los l\u00edmites establecidos en la norma reguladora. <br>\u2022 Limitaci\u00f3n de su tratamiento.- La persona interesada tendr\u00e1 derecho a solicitar la limitaci\u00f3n respecto al tratamiento de sus datos de car\u00e1cter personal <br>\u2022 Oposici\u00f3n al tratamiento.- En determinadas circunstancias  y por motivos relacionados con su situaci\u00f3n particular, la persona interesada podr\u00e1 oponerse al tratamiento de sus datos. NATUCER, S.L. dejar\u00e1 de tratar los datos, salvo por motivos leg\u00edtimos, imperiosos, o el ejercicio o la defensa de posibles reclamaciones. <br>\u2022 Derecho a la portabilidad de sus datos.- Es decir tendr\u00e1 derecho a recibir los datos personales que le incumban, que haya facilitado a un responsable del tratamiento, en un formato estructurado, de uso com\u00fan y lectura mec\u00e1nica y a transmitirlos a otro responsable del tratamiento. <\/p>\n\n\n\n<p>Los referidos derechos podr\u00e1n ser ejercidos mediante solicitud escrita y firmada dirigida a NATUCER, S.L., Les Forques, n\u00ba 2, Onda, &nbsp;12200 Onda o a trav\u00e9s de la direcci\u00f3n de correo electr\u00f3nico: natucer@natucer.es. <\/p>\n\n\n\n<p><strong>&nbsp;\u00bfQu\u00e9 ocurre si no facilito los datos solicitados?<\/strong> <\/p>\n\n\n\n<p>Los datos identificativos pertenecientes a la persona clienta\/usuaria, as\u00ed como los dem\u00e1s datos de contacto y cualesquiera otros que puedan ser exigidos por la normativa aplicable, es obligatorio declararlos y la negativa a suministrarlos podr\u00eda suponer la imposibilidad de acceder al servicio. Los restantes datos que se solicitan son voluntarios, por lo que el hecho de no facilitarlos no impedir\u00e1 el establecimiento de la relaci\u00f3n contractual. <\/p>\n\n\n\n<p><strong>Tutela de las autoridades de control.<\/strong><\/p>\n\n\n\n<p>En caso que lo creyera oportuno puede requerir la tutela de la Agencia Espa\u00f1ola de Protecci\u00f3n de Datos presentando la correspondiente reclamaci\u00f3n. www.agpd.es. C\/ Jorge Juan n\u00ba 6 28001 Madrid. Medidas de seguridad. <\/p>\n\n\n\n<p>NATUCER, S.L. ha adoptado los niveles de seguridad de protecci\u00f3n de los datos personales legalmente requeridos, y ha instalado todos los medios y medidas t\u00e9cnicas a su alcance para evitar la p\u00e9rdida, mal uso, alteraci\u00f3n, acceso no autorizado y robo de los datos personales facilitados a NATUCER, S.L. Ello no obstante, el usuario debe ser consciente de que las medidas de seguridad en Internet no son inexpugnables. <\/p>\n\n\n\n<p><strong>\u00bfCon car\u00e1cter general con que finalidad trataremos sus datos personales?<\/strong> <\/p>\n\n\n\n<p>\u2022 Gesti\u00f3n administrativa. <br>\u2022 Seguridad de bienes y\/o personas, mediante el sistema de videovigilancia.   <br>\u2022 Dar respuesta a consultas o sugerencias para control de calidad. <\/p>\n\n\n\n<p><strong>\u00bfCu\u00e1l es la legitimaci\u00f3n para el tratamiento de sus datos?<\/strong><\/p>\n\n\n\n<p>\u2022 Gesti\u00f3n de la informaci\u00f3n acerca de su reserva, con car\u00e1cter previo a su llegada. Cumplimiento contractual. <br>\u2022 Posibilitar la gesti\u00f3n de sus beneficios. Cumplimiento contractual. <br>\u2022 Seguridad de bienes y\/o personas, mediante el sistema de videovigilancia.  Inter\u00e9s leg\u00edtimo. <br>\u2022 Posibilitar la gesti\u00f3n de la relaci\u00f3n negocial con clientes y\/o proveedores. Inter\u00e9s leg\u00edtimo. <br>\u2022 Posibilitar la respuesta a consultas o sugerencias para control de calidad. Inter\u00e9s leg\u00edtimo. <\/p>\n\n\n\n<p><strong>&nbsp;\u00bfA qu\u00e9 destinatarios se comunicar\u00e1n sus datos?<\/strong> <\/p>\n\n\n\n<p>Con car\u00e1cter general, las \u00fanicas comunicaciones previstas son aquellas que resulten legalmente obligadas, (Comunicaci\u00f3n de datos de los interesados a autoridades policiales seg\u00fan Ley de Seguridad Ciudadana) otras que pudieran resultar, legalmente establecidas, por ejemplo ante la AEAT.  <\/p>\n\n\n\n<p>Al margen de lo referido anteriormente, podr\u00edan tener acceso a sus datos, terceros, Encargados del Tratamiento.  <\/p>\n\n\n\n<p><strong>&nbsp;\u00bfQu\u00e9 ocurre si no facilito los datos solicitados?<\/strong> <\/p>\n\n\n\n<p>Los datos identificativos pertenecientes al interesado, as\u00ed como los dem\u00e1s\ndatos de contacto y cualesquiera otros que puedan ser exigidos por la normativa\naplicable, es obligatorio declararlos y la negativa a suministrarlos podr\u00eda\nsuponer la imposibilidad de acceder al servicio. Los restantes datos que se\nsolicitan son voluntarios, por lo que el hecho de no facilitarlos no impedir\u00e1\nel establecimiento de la relaci\u00f3n contractual. <\/p>\n\n\n\n<p>&nbsp;<strong>Medidas de seguridad.<\/strong> <\/p>\n\n\n\n<p>La Empresa ha adoptado los niveles de seguridad de protecci\u00f3n de los datos\npersonales legalmente requeridos, y ha instalado todos los medios y medidas\nt\u00e9cnicas a su alcance para evitar la p\u00e9rdida, mal uso, alteraci\u00f3n, acceso no\nautorizado y robo de los datos personales facilitados a NATUCER, S.L. Ello no\nobstante, el usuario debe ser consciente de que las medidas de seguridad en\nInternet no son inexpugnables. <\/p>\n","protected":false},"excerpt":{"rendered":"<p>POL\u00cdTICA DE PRIVACIDAD De conformidad con el Reglamento (UE) 2016\/679 del Parlamento Europeo y del Consejo de 27 de abril de 2016 (\u201cRGPD\u201d) y su normativa de desarrollo, NATUCER, S.L. informa a todos los usuarios de la Web www.natucer.es (la &#8220;Web&#8221;) acerca del tratamiento de sus datos personales, los facilitados durante el acceso y uso [&hellip;]<\/p>\n","protected":false},"author":1,"featured_media":0,"parent":0,"menu_order":0,"comment_status":"closed","ping_status":"closed","template":"avisosLegales.php","meta":{"footnotes":""},"class_list":["post-168","page","type-page","status-publish","hentry"],"yoast_head":"<!-- This site is optimized with the Yoast SEO plugin v27.4 - https:\/\/yoast.com\/product\/yoast-seo-wordpress\/ -->\n<title>POL\u00cdTICA PRIVACIDAD - Magazine<\/title>\n<meta name=\"robots\" content=\"index, follow, max-snippet:-1, max-image-preview:large, max-video-preview:-1\" \/>\n<link rel=\"canonical\" href=\"https:\/\/www.natucer.es\/magazine\/es\/politica-privacidad\/\" \/>\n<meta property=\"og:locale\" content=\"en_US\" \/>\n<meta property=\"og:type\" content=\"article\" \/>\n<meta property=\"og:title\" content=\"POL\u00cdTICA PRIVACIDAD - Magazine\" \/>\n<meta property=\"og:description\" content=\"POL\u00cdTICA DE PRIVACIDAD De conformidad con el Reglamento (UE) 2016\/679 del Parlamento Europeo y del Consejo de 27 de abril de 2016 (\u201cRGPD\u201d) y su normativa de desarrollo, NATUCER, S.L. informa a todos los usuarios de la Web www.natucer.es (la &#8220;Web&#8221;) acerca del tratamiento de sus datos personales, los facilitados durante el acceso y uso [&hellip;]\" \/>\n<meta property=\"og:url\" content=\"https:\/\/www.natucer.es\/magazine\/es\/politica-privacidad\/\" \/>\n<meta property=\"og:site_name\" content=\"Magazine\" \/>\n<meta property=\"article:publisher\" content=\"https:\/\/www.facebook.com\/natucerceramica\" \/>\n<meta property=\"article:modified_time\" content=\"2020-12-01T15:38:33+00:00\" \/>\n<meta name=\"twitter:card\" content=\"summary_large_image\" \/>\n<meta name=\"twitter:site\" content=\"@natuceronda\" \/>\n<meta name=\"twitter:label1\" content=\"Est. reading time\" \/>\n\t<meta name=\"twitter:data1\" content=\"6 minutes\" \/>\n<script type=\"application\/ld+json\" class=\"yoast-schema-graph\">{\"@context\":\"https:\\\/\\\/schema.org\",\"@graph\":[{\"@type\":\"WebPage\",\"@id\":\"https:\\\/\\\/www.natucer.es\\\/magazine\\\/es\\\/politica-privacidad\\\/\",\"url\":\"https:\\\/\\\/www.natucer.es\\\/magazine\\\/es\\\/politica-privacidad\\\/\",\"name\":\"POL\u00cdTICA PRIVACIDAD - Magazine\",\"isPartOf\":{\"@id\":\"https:\\\/\\\/www.natucer.es\\\/magazine\\\/#website\"},\"datePublished\":\"2019-05-03T14:22:39+00:00\",\"dateModified\":\"2020-12-01T15:38:33+00:00\",\"breadcrumb\":{\"@id\":\"https:\\\/\\\/www.natucer.es\\\/magazine\\\/es\\\/politica-privacidad\\\/#breadcrumb\"},\"inLanguage\":\"en-US\",\"potentialAction\":[{\"@type\":\"ReadAction\",\"target\":[\"https:\\\/\\\/www.natucer.es\\\/magazine\\\/es\\\/politica-privacidad\\\/\"]}]},{\"@type\":\"BreadcrumbList\",\"@id\":\"https:\\\/\\\/www.natucer.es\\\/magazine\\\/es\\\/politica-privacidad\\\/#breadcrumb\",\"itemListElement\":[{\"@type\":\"ListItem\",\"position\":1,\"name\":\"Portada\",\"item\":\"https:\\\/\\\/www.natucer.es\\\/magazine\\\/en\\\/\"},{\"@type\":\"ListItem\",\"position\":2,\"name\":\"POL\u00cdTICA PRIVACIDAD\"}]},{\"@type\":\"WebSite\",\"@id\":\"https:\\\/\\\/www.natucer.es\\\/magazine\\\/#website\",\"url\":\"https:\\\/\\\/www.natucer.es\\\/magazine\\\/\",\"name\":\"Magazine\",\"description\":\"Noticias, Tendencias y Novedades\",\"potentialAction\":[{\"@type\":\"SearchAction\",\"target\":{\"@type\":\"EntryPoint\",\"urlTemplate\":\"https:\\\/\\\/www.natucer.es\\\/magazine\\\/?s={search_term_string}\"},\"query-input\":{\"@type\":\"PropertyValueSpecification\",\"valueRequired\":true,\"valueName\":\"search_term_string\"}}],\"inLanguage\":\"en-US\"}]}<\/script>\n<!-- \/ Yoast SEO plugin. -->","yoast_head_json":{"title":"POL\u00cdTICA PRIVACIDAD - Magazine","robots":{"index":"index","follow":"follow","max-snippet":"max-snippet:-1","max-image-preview":"max-image-preview:large","max-video-preview":"max-video-preview:-1"},"canonical":"https:\/\/www.natucer.es\/magazine\/es\/politica-privacidad\/","og_locale":"en_US","og_type":"article","og_title":"POL\u00cdTICA PRIVACIDAD - Magazine","og_description":"POL\u00cdTICA DE PRIVACIDAD De conformidad con el Reglamento (UE) 2016\/679 del Parlamento Europeo y del Consejo de 27 de abril de 2016 (\u201cRGPD\u201d) y su normativa de desarrollo, NATUCER, S.L. informa a todos los usuarios de la Web www.natucer.es (la &#8220;Web&#8221;) acerca del tratamiento de sus datos personales, los facilitados durante el acceso y uso [&hellip;]","og_url":"https:\/\/www.natucer.es\/magazine\/es\/politica-privacidad\/","og_site_name":"Magazine","article_publisher":"https:\/\/www.facebook.com\/natucerceramica","article_modified_time":"2020-12-01T15:38:33+00:00","twitter_card":"summary_large_image","twitter_site":"@natuceronda","twitter_misc":{"Est. reading time":"6 minutes"},"schema":{"@context":"https:\/\/schema.org","@graph":[{"@type":"WebPage","@id":"https:\/\/www.natucer.es\/magazine\/es\/politica-privacidad\/","url":"https:\/\/www.natucer.es\/magazine\/es\/politica-privacidad\/","name":"POL\u00cdTICA PRIVACIDAD - Magazine","isPartOf":{"@id":"https:\/\/www.natucer.es\/magazine\/#website"},"datePublished":"2019-05-03T14:22:39+00:00","dateModified":"2020-12-01T15:38:33+00:00","breadcrumb":{"@id":"https:\/\/www.natucer.es\/magazine\/es\/politica-privacidad\/#breadcrumb"},"inLanguage":"en-US","potentialAction":[{"@type":"ReadAction","target":["https:\/\/www.natucer.es\/magazine\/es\/politica-privacidad\/"]}]},{"@type":"BreadcrumbList","@id":"https:\/\/www.natucer.es\/magazine\/es\/politica-privacidad\/#breadcrumb","itemListElement":[{"@type":"ListItem","position":1,"name":"Portada","item":"https:\/\/www.natucer.es\/magazine\/en\/"},{"@type":"ListItem","position":2,"name":"POL\u00cdTICA PRIVACIDAD"}]},{"@type":"WebSite","@id":"https:\/\/www.natucer.es\/magazine\/#website","url":"https:\/\/www.natucer.es\/magazine\/","name":"Magazine","description":"Noticias, Tendencias y Novedades","potentialAction":[{"@type":"SearchAction","target":{"@type":"EntryPoint","urlTemplate":"https:\/\/www.natucer.es\/magazine\/?s={search_term_string}"},"query-input":{"@type":"PropertyValueSpecification","valueRequired":true,"valueName":"search_term_string"}}],"inLanguage":"en-US"}]}},"_links":{"self":[{"href":"https:\/\/www.natucer.es\/magazine\/wp-json\/wp\/v2\/pages\/168","targetHints":{"allow":["GET"]}}],"collection":[{"href":"https:\/\/www.natucer.es\/magazine\/wp-json\/wp\/v2\/pages"}],"about":[{"href":"https:\/\/www.natucer.es\/magazine\/wp-json\/wp\/v2\/types\/page"}],"author":[{"embeddable":true,"href":"https:\/\/www.natucer.es\/magazine\/wp-json\/wp\/v2\/users\/1"}],"replies":[{"embeddable":true,"href":"https:\/\/www.natucer.es\/magazine\/wp-json\/wp\/v2\/comments?post=168"}],"version-history":[{"count":2,"href":"https:\/\/www.natucer.es\/magazine\/wp-json\/wp\/v2\/pages\/168\/revisions"}],"predecessor-version":[{"id":2136,"href":"https:\/\/www.natucer.es\/magazine\/wp-json\/wp\/v2\/pages\/168\/revisions\/2136"}],"wp:attachment":[{"href":"https:\/\/www.natucer.es\/magazine\/wp-json\/wp\/v2\/media?parent=168"}],"curies":[{"name":"wp","href":"https:\/\/api.w.org\/{rel}","templated":true}]}}